{"id":20955,"date":"2025-03-25T12:31:30","date_gmt":"2025-03-25T12:31:30","guid":{"rendered":"https:\/\/mercado.ginernet.net\/?post_type=product&#038;p=20955"},"modified":"2026-01-17T07:02:29","modified_gmt":"2026-01-17T07:02:29","slug":"estrella-galicia-especial","status":"publish","type":"product","link":"https:\/\/mercado.ginernet.net\/ja\/product\/estrella-galicia-especial\/","title":{"rendered":"Estrella Galicia Especial"},"content":{"rendered":"<p>Nace en 1972 bajo el nombre de \u00abEspecial Rivera\u00bb, convirti\u00e9ndose r\u00e1pidamente en la cerveza m\u00e1s representativa de la compa\u00f1\u00eda. Con m\u00e1s de 115 a\u00f1os elaborando cerveza, Estrella Galicia ha aprendido que la clave para crear la cerveza m\u00e1s querida est\u00e1 en cocinar a fuego lento y madurar con paciencia. El uso cuidadoso de dos tipos de maltas (Pilsen y tostada) y de los l\u00fapulos Nugget y Perle aportan a Estrella Galicia Especial un car\u00e1cter \u00fanico, destacando por un excelente equilibrio entre su suave maltosidad inicial y su agradable final amargo.<\/p>","protected":false},"excerpt":{"rendered":"<p class=\"\" data-start=\"121\" data-end=\"385\"><em data-start=\"155\" data-end=\"385\">Descubre en Jap\u00f3n Estrella Galicia Especial, la cerveza m\u00e1s representativa de Galicia. Elaborada con maltas selectas y l\u00fapulos exclusivos, destaca por su equilibrio perfecto entre sabor suave, cuerpo y un agradable toque amargo.<\/em><\/p>\n<p class=\"\" data-start=\"387\" data-end=\"436\">","protected":false},"featured_media":20957,"comment_status":"open","ping_status":"closed","template":"","meta":[],"genre":[415],"product_cat":[411,413],"product_tag":[],"class_list":{"0":"post-20955","1":"product","2":"type-product","3":"status-publish","4":"has-post-thumbnail","6":"product_brand-estrella-galicia","7":"product_cat-bebidas","8":"product_cat-cerveza","10":"first","11":"instock","12":"taxable","13":"shipping-taxable","14":"product-type-simple"},"_links":{"self":[{"href":"https:\/\/mercado.ginernet.net\/ja\/wp-json\/wp\/v2\/product\/20955","targetHints":{"allow":["GET"]}}],"collection":[{"href":"https:\/\/mercado.ginernet.net\/ja\/wp-json\/wp\/v2\/product"}],"about":[{"href":"https:\/\/mercado.ginernet.net\/ja\/wp-json\/wp\/v2\/types\/product"}],"replies":[{"embeddable":true,"href":"https:\/\/mercado.ginernet.net\/ja\/wp-json\/wp\/v2\/comments?post=20955"}],"wp:featuredmedia":[{"embeddable":true,"href":"https:\/\/mercado.ginernet.net\/ja\/wp-json\/wp\/v2\/media\/20957"}],"wp:attachment":[{"href":"https:\/\/mercado.ginernet.net\/ja\/wp-json\/wp\/v2\/media?parent=20955"}],"wp:term":[{"taxonomy":"product_brand","embeddable":true,"href":"https:\/\/mercado.ginernet.net\/ja\/wp-json\/wp\/v2\/genre?post=20955"},{"taxonomy":"product_cat","embeddable":true,"href":"https:\/\/mercado.ginernet.net\/ja\/wp-json\/wp\/v2\/product_cat?post=20955"},{"taxonomy":"product_tag","embeddable":true,"href":"https:\/\/mercado.ginernet.net\/ja\/wp-json\/wp\/v2\/product_tag?post=20955"}],"curies":[{"name":"wp","href":"https:\/\/api.w.org\/{rel}","templated":true}]}}