{"id":20993,"date":"2025-03-28T13:10:21","date_gmt":"2025-03-28T13:10:21","guid":{"rendered":"https:\/\/mercado.ginernet.net\/?post_type=product&#038;p=20993"},"modified":"2025-03-28T13:10:21","modified_gmt":"2025-03-28T13:10:21","slug":"montaraz-100-iberico-de-bellota-loncheado","status":"publish","type":"product","link":"https:\/\/mercado.ginernet.net\/ja\/product\/montaraz-100-iberico-de-bellota-loncheado\/","title":{"rendered":"Montaraz 100% Ib\u00e9rico de Bellota Loncheado"},"content":{"rendered":"<p><strong data-start=\"3\" data-end=\"49\">Montaraz 100% Ib\u00e9rico de Bellota Loncheado<\/strong> es una aut\u00e9ntica joya de la gastronom\u00eda espa\u00f1ola. Proviene de cerdos ib\u00e9ricos criados en libertad en las dehesas de Espa\u00f1a, alimentados con bellotas durante la montanera. Este jam\u00f3n, curado de manera artesanal durante m\u00e1s de 36 meses, se presenta loncheado para ofrecerle una experiencia culinaria c\u00f3moda y de alta calidad. Cada loncha refleja la dedicaci\u00f3n y el saber hacer de <strong data-start=\"428\" data-end=\"440\">Montaraz<\/strong>, una empresa familiar con m\u00e1s de 125 a\u00f1os de historia en la producci\u00f3n de jamones y embutidos ib\u00e9ricos. Ahora, puede disfrutar en Jap\u00f3n de este manjar que encapsula la esencia de la tradici\u00f3n y el sabor espa\u00f1ol.<\/p>","protected":false},"excerpt":{"rendered":"<p>Disfrute en Jap\u00f3n del aut\u00e9ntico jam\u00f3n ib\u00e9rico de bellota, loncheado para su comodidad. Sabor intenso y tradici\u00f3n espa\u00f1ola en cada bocado.<\/p>","protected":false},"featured_media":20985,"comment_status":"open","ping_status":"closed","template":"","meta":[],"genre":[416],"product_cat":[],"product_tag":[],"class_list":{"0":"post-20993","1":"product","2":"type-product","3":"status-publish","4":"has-post-thumbnail","6":"product_brand-montaraz","8":"first","9":"instock","10":"taxable","11":"shipping-taxable","12":"product-type-simple"},"_links":{"self":[{"href":"https:\/\/mercado.ginernet.net\/ja\/wp-json\/wp\/v2\/product\/20993","targetHints":{"allow":["GET"]}}],"collection":[{"href":"https:\/\/mercado.ginernet.net\/ja\/wp-json\/wp\/v2\/product"}],"about":[{"href":"https:\/\/mercado.ginernet.net\/ja\/wp-json\/wp\/v2\/types\/product"}],"replies":[{"embeddable":true,"href":"https:\/\/mercado.ginernet.net\/ja\/wp-json\/wp\/v2\/comments?post=20993"}],"wp:featuredmedia":[{"embeddable":true,"href":"https:\/\/mercado.ginernet.net\/ja\/wp-json\/wp\/v2\/media\/20985"}],"wp:attachment":[{"href":"https:\/\/mercado.ginernet.net\/ja\/wp-json\/wp\/v2\/media?parent=20993"}],"wp:term":[{"taxonomy":"product_brand","embeddable":true,"href":"https:\/\/mercado.ginernet.net\/ja\/wp-json\/wp\/v2\/genre?post=20993"},{"taxonomy":"product_cat","embeddable":true,"href":"https:\/\/mercado.ginernet.net\/ja\/wp-json\/wp\/v2\/product_cat?post=20993"},{"taxonomy":"product_tag","embeddable":true,"href":"https:\/\/mercado.ginernet.net\/ja\/wp-json\/wp\/v2\/product_tag?post=20993"}],"curies":[{"name":"wp","href":"https:\/\/api.w.org\/{rel}","templated":true}]}}